{"id":11282,"date":"2019-10-16T21:23:29","date_gmt":"2019-10-17T02:23:29","guid":{"rendered":"https:\/\/udz4fcrfad.onrocket.site\/politique-de-confidentialite\/"},"modified":"2024-04-28T04:47:38","modified_gmt":"2024-04-28T09:47:38","slug":"politique-de-confidentialite","status":"publish","type":"page","link":"https:\/\/tourcomuna13.com\/fr\/politique-de-confidentialite\/","title":{"rendered":"Politique de confidentialit\u00e9"},"content":{"rendered":"\t\t<div data-elementor-type=\"wp-page\" data-elementor-id=\"11282\" class=\"elementor elementor-11282 elementor-3\">\n\t\t\t\t\t\t<section class=\"elementor-section elementor-top-section elementor-element elementor-element-592e465f elementor-section-boxed elementor-section-height-default elementor-section-height-default\" data-id=\"592e465f\" data-element_type=\"section\" data-e-type=\"section\">\n\t\t\t\t\t\t<div class=\"elementor-container elementor-column-gap-default\">\n\t\t\t\t\t<div class=\"elementor-column elementor-col-100 elementor-top-column elementor-element elementor-element-56b97840\" data-id=\"56b97840\" data-element_type=\"column\" data-e-type=\"column\">\n\t\t\t<div class=\"elementor-widget-wrap elementor-element-populated\">\n\t\t\t\t\t\t<div class=\"elementor-element elementor-element-19f5f751 elementor-widget elementor-widget-text-editor\" data-id=\"19f5f751\" data-element_type=\"widget\" data-e-type=\"widget\" data-widget_type=\"text-editor.default\">\n\t\t\t\t<div class=\"elementor-widget-container\">\n\t\t\t\t\t\t\t\t\t\n<h1 class=\"wp-block-heading\">Qui sommes-nous ?<\/h1>\n\n<p>L&rsquo;adresse de notre site web est la suivante : https:\/\/tourcomuna13.com.<\/p>\n\n<h2 class=\"wp-block-heading\">Quelles sont les donn\u00e9es personnelles que nous recueillons et pourquoi nous les recueillons ?<\/h2>\n\n<h3 class=\"wp-block-heading\">Commentaires<\/h3>\n\n<p>Lorsque les visiteurs laissent des commentaires sur le site, nous collectons les donn\u00e9es affich\u00e9es dans le formulaire de commentaire, ainsi que l&rsquo;adresse IP du visiteur et la cha\u00eene de l&rsquo;agent utilisateur du navigateur pour faciliter la d\u00e9tection des spams.<\/p>\n\n<p>Une cha\u00eene anonyme cr\u00e9\u00e9e \u00e0 partir de votre adresse \u00e9lectronique (\u00e9galement appel\u00e9e \u00ab\u00a0hash\u00a0\u00bb) peut \u00eatre fournie au service Gravatar pour v\u00e9rifier si vous l&rsquo;utilisez. La politique de confidentialit\u00e9 du service Gravatar est disponible ici : https:\/\/automattic.com\/privacy\/. Apr\u00e8s approbation de votre commentaire, votre photo de profil est visible par le public dans le contexte de votre commentaire.<\/p>\n\n<h3 class=\"wp-block-heading\">Multim\u00e9dia<\/h3>\n\n<p>Si vous t\u00e9l\u00e9chargez des images sur le web, vous devez \u00e9viter de t\u00e9l\u00e9charger des images contenant des donn\u00e9es de localisation (GPS EXIF). Les visiteurs du site web peuvent t\u00e9l\u00e9charger et extraire n&rsquo;importe quelle donn\u00e9e de localisation \u00e0 partir des images du site web.<\/p>\n\n<h3 class=\"wp-block-heading\">Formulaires de contact<\/h3>\n\n<h3 class=\"wp-block-heading\">Cookies<\/h3>\n\n<p>Si vous laissez un commentaire sur notre site, vous pouvez choisir d&rsquo;enregistrer votre nom, votre adresse \u00e9lectronique et votre site web dans les cookies. C&rsquo;est pour votre commodit\u00e9, afin que vous n&rsquo;ayez pas \u00e0 remplir \u00e0 nouveau vos coordonn\u00e9es lorsque vous laissez un autre commentaire. Ces biscuits se conservent pendant un an.<\/p>\n\n<p>Si vous visitez notre page de connexion, nous installerons un cookie temporaire pour d\u00e9terminer si votre navigateur accepte les cookies. Ce cookie ne contient pas de donn\u00e9es personnelles et est supprim\u00e9 lorsque vous fermez votre navigateur.<\/p>\n\n<p>Lorsque vous vous connectez, nous installons \u00e9galement un certain nombre de cookies pour stocker vos informations de connexion et les options d&rsquo;affichage de l&rsquo;\u00e9cran. Les cookies de connexion ont une dur\u00e9e de vie de deux jours et les cookies d&rsquo;options d&rsquo;affichage ont une dur\u00e9e de vie d&rsquo;un an. Si vous s\u00e9lectionnez \u00ab\u00a0Se souvenir de moi\u00a0\u00bb, votre connexion durera deux semaines. Si vous vous d\u00e9connectez de votre compte, vos cookies de connexion seront supprim\u00e9s.<\/p>\n\n<p>Si vous modifiez ou publiez un article, un cookie suppl\u00e9mentaire sera enregistr\u00e9 dans votre navigateur. Ce cookie ne contient pas de donn\u00e9es personnelles et indique simplement l&rsquo;identifiant de l&rsquo;article que vous venez de modifier. Expire apr\u00e8s 1 jour.<\/p>\n\n<h3 class=\"wp-block-heading\">Contenu int\u00e9gr\u00e9 d&rsquo;autres sites web<\/h3>\n\n<p>Les articles de ce site peuvent contenir du contenu int\u00e9gr\u00e9 (par exemple des vid\u00e9os, des images, des articles, etc.). Le contenu incorpor\u00e9 provenant d&rsquo;autres sites web se comporte exactement de la m\u00eame mani\u00e8re que si le visiteur avait visit\u00e9 l&rsquo;autre site web.<\/p>\n\n<p>Ces sites web peuvent collecter des donn\u00e9es vous concernant, utiliser des cookies, int\u00e9grer un suivi suppl\u00e9mentaire de la part de tiers et contr\u00f4ler votre interaction avec ce contenu int\u00e9gr\u00e9, y compris votre interaction avec le contenu int\u00e9gr\u00e9 si vous avez un compte et que vous \u00eates connect\u00e9 \u00e0 ce site web.<\/p>\n\n<h3 class=\"wp-block-heading\">Analyse<\/h3>\n\n<h2 class=\"wp-block-heading\">Avec qui partageons-nous vos donn\u00e9es ?<\/h2>\n\n<h2 class=\"wp-block-heading\">Dur\u00e9e de conservation de vos donn\u00e9es<\/h2>\n\n<p>Si vous laissez un commentaire, celui-ci et ses m\u00e9tadonn\u00e9es sont conserv\u00e9s ind\u00e9finiment. Cela nous permet de reconna\u00eetre et d&rsquo;approuver automatiquement les commentaires successifs plut\u00f4t que de les garder dans une file d&rsquo;attente de mod\u00e9ration.<\/p>\n\n<p>Pour les utilisateurs qui s&rsquo;inscrivent sur notre site web (le cas \u00e9ch\u00e9ant), nous stockons \u00e9galement les informations personnelles qu&rsquo;ils fournissent dans leur profil d&rsquo;utilisateur. Tous les utilisateurs peuvent consulter, modifier ou supprimer leurs informations personnelles \u00e0 tout moment (sauf qu&rsquo;ils ne peuvent pas changer leur nom d&rsquo;utilisateur). Les administrateurs du site peuvent \u00e9galement consulter et modifier ces informations.<\/p>\n\n<h2 class=\"wp-block-heading\">Quels sont vos droits sur vos donn\u00e9es ?<\/h2>\n\n<p>Si vous avez un compte ou si vous avez laiss\u00e9 des commentaires sur ce site web, vous pouvez demander \u00e0 recevoir un fichier d&rsquo;exportation des donn\u00e9es personnelles que nous d\u00e9tenons \u00e0 votre sujet, y compris toutes les donn\u00e9es que vous nous avez fournies. Vous pouvez \u00e9galement nous demander de supprimer toutes les donn\u00e9es personnelles que nous d\u00e9tenons \u00e0 votre sujet. Cela n&rsquo;inclut pas les donn\u00e9es que nous sommes oblig\u00e9s de conserver \u00e0 des fins administratives, juridiques ou de s\u00e9curit\u00e9.<\/p>\n\n<h2 class=\"wp-block-heading\">O\u00f9 nous envoyons vos donn\u00e9es<\/h2>\n\n<p>Les commentaires des visiteurs peuvent \u00eatre v\u00e9rifi\u00e9s par un service de d\u00e9tection automatique des spams.<\/p>\n\n<h2 class=\"wp-block-heading\">Vos coordonn\u00e9es<\/h2>\n\n<h2 class=\"wp-block-heading\">Informations compl\u00e9mentaires<\/h2>\n\n<h3 class=\"wp-block-heading\">Comment nous prot\u00e9geons vos donn\u00e9es<\/h3>\n\n<h3 class=\"wp-block-heading\">Quelles sont les proc\u00e9dures utilis\u00e9es pour lutter contre les violations de donn\u00e9es ?<\/h3>\n\n<h3 class=\"wp-block-heading\">Quels sont les tiers qui nous fournissent des donn\u00e9es ?<\/h3>\n\n<h3 class=\"wp-block-heading\">Quel type de prise de d\u00e9cision automatis\u00e9e et\/ou de profilage faisons-nous avec les donn\u00e9es de l&rsquo;utilisateur ?<\/h3>\n\n<h3 class=\"wp-block-heading\">Exigences de divulgation du secteur r\u00e9glementaire<\/h3>\n\n<p><a href=\"https:\/\/tourcomuna13.com\/fr\/\" target=\"_blank\" rel=\"noreferrer noopener\">Chrome<\/a><\/p>\n\t\t\t\t\t\t\t\t<\/div>\n\t\t\t\t<\/div>\n\t\t\t\t\t<\/div>\n\t\t<\/div>\n\t\t\t\t\t<\/div>\n\t\t<\/section>\n\t\t\t\t<\/div>\n\t\t","protected":false},"excerpt":{"rendered":"<p>Qui sommes-nous ? L&rsquo;adresse de notre site web est la suivante : https:\/\/tourcomuna13.com. Quelles sont les donn\u00e9es personnelles que nous recueillons et pourquoi nous les recueillons ? Commentaires Lorsque les visiteurs laissent des commentaires sur le site, nous collectons les donn\u00e9es affich\u00e9es dans le formulaire de commentaire, ainsi que l&rsquo;adresse IP du visiteur et la&#8230;<\/p>\n","protected":false},"author":1,"featured_media":0,"parent":0,"menu_order":0,"comment_status":"closed","ping_status":"open","template":"","meta":{"_kad_post_transparent":"","_kad_post_title":"","_kad_post_layout":"","_kad_post_sidebar_id":"","_kad_post_content_style":"","_kad_post_vertical_padding":"","_kad_post_feature":"","_kad_post_feature_position":"","_kad_post_header":false,"_kad_post_footer":false,"_kad_post_classname":"","footnotes":""},"class_list":["post-11282","page","type-page","status-publish","hentry"],"yoast_head":"<!-- This site is optimized with the Yoast SEO plugin v27.4 - https:\/\/yoast.com\/product\/yoast-seo-wordpress\/ -->\n<title>Politique de confidentialit\u00e9 - Tour Comuna 13<\/title>\n<meta name=\"description\" content=\"Visitez tourcomuna13.com pour des visites locales uniques Nous utilisons des cookies pour am\u00e9liorer votre exp\u00e9rience et prot\u00e9ger votre vie priv\u00e9e. Explorez et participez avec nous.\" \/>\n<meta name=\"robots\" content=\"index, follow, max-snippet:-1, max-image-preview:large, max-video-preview:-1\" \/>\n<link rel=\"canonical\" href=\"https:\/\/tourcomuna13.com\/fr\/politique-de-confidentialite\/\" \/>\n<meta property=\"og:locale\" content=\"fr_FR\" \/>\n<meta property=\"og:type\" content=\"article\" \/>\n<meta property=\"og:title\" content=\"Politique de confidentialit\u00e9 - Tour Comuna 13\" \/>\n<meta property=\"og:description\" content=\"Visitez tourcomuna13.com pour des visites locales uniques Nous utilisons des cookies pour am\u00e9liorer votre exp\u00e9rience et prot\u00e9ger votre vie priv\u00e9e. Explorez et participez avec nous.\" \/>\n<meta property=\"og:url\" content=\"https:\/\/tourcomuna13.com\/fr\/politique-de-confidentialite\/\" \/>\n<meta property=\"og:site_name\" content=\"Tour Comuna 13\" \/>\n<meta property=\"article:publisher\" content=\"https:\/\/www.facebook.com\/tourcomuna13\" \/>\n<meta property=\"article:modified_time\" content=\"2024-04-28T09:47:38+00:00\" \/>\n<meta property=\"og:image\" content=\"https:\/\/tourcomuna13.com\/wp-content\/uploads\/2021\/05\/paisa-tours-comuna-13.png\" \/>\n\t<meta property=\"og:image:width\" content=\"320\" \/>\n\t<meta property=\"og:image:height\" content=\"350\" \/>\n\t<meta property=\"og:image:type\" content=\"image\/png\" \/>\n<meta name=\"twitter:card\" content=\"summary_large_image\" \/>\n<meta name=\"twitter:label1\" content=\"Dur\u00e9e de lecture estim\u00e9e\" \/>\n\t<meta name=\"twitter:data1\" content=\"4 minutes\" \/>\n<script type=\"application\/ld+json\" class=\"yoast-schema-graph\">{\"@context\":\"https:\\\/\\\/schema.org\",\"@graph\":[{\"@type\":\"WebPage\",\"@id\":\"https:\\\/\\\/tourcomuna13.com\\\/fr\\\/politique-de-confidentialite\\\/\",\"url\":\"https:\\\/\\\/tourcomuna13.com\\\/fr\\\/politique-de-confidentialite\\\/\",\"name\":\"Politique de confidentialit\u00e9 - Tour Comuna 13\",\"isPartOf\":{\"@id\":\"https:\\\/\\\/tourcomuna13.com\\\/fr\\\/#website\"},\"datePublished\":\"2019-10-17T02:23:29+00:00\",\"dateModified\":\"2024-04-28T09:47:38+00:00\",\"description\":\"Visitez tourcomuna13.com pour des visites locales uniques Nous utilisons des cookies pour am\u00e9liorer votre exp\u00e9rience et prot\u00e9ger votre vie priv\u00e9e. Explorez et participez avec nous.\",\"breadcrumb\":{\"@id\":\"https:\\\/\\\/tourcomuna13.com\\\/fr\\\/politique-de-confidentialite\\\/#breadcrumb\"},\"inLanguage\":\"fr-FR\",\"potentialAction\":[{\"@type\":\"ReadAction\",\"target\":[\"https:\\\/\\\/tourcomuna13.com\\\/fr\\\/politique-de-confidentialite\\\/\"]}]},{\"@type\":\"BreadcrumbList\",\"@id\":\"https:\\\/\\\/tourcomuna13.com\\\/fr\\\/politique-de-confidentialite\\\/#breadcrumb\",\"itemListElement\":[{\"@type\":\"ListItem\",\"position\":1,\"name\":\"Tour comuna 13\",\"item\":\"https:\\\/\\\/tourcomuna13.com\\\/fr\\\/\"},{\"@type\":\"ListItem\",\"position\":2,\"name\":\"Politique de confidentialit\u00e9\"}]},{\"@type\":\"WebSite\",\"@id\":\"https:\\\/\\\/tourcomuna13.com\\\/fr\\\/#website\",\"url\":\"https:\\\/\\\/tourcomuna13.com\\\/fr\\\/\",\"name\":\"Tour Comuna 13\",\"description\":\"Tours en Medell\u00edn: Graffiti Tour Comuna 13, City Tour, Tour Guatap\u00e9.\",\"publisher\":{\"@id\":\"https:\\\/\\\/tourcomuna13.com\\\/fr\\\/#organization\"},\"alternateName\":\"Tour Comuna 13 Medell\u00edn\",\"potentialAction\":[{\"@type\":\"SearchAction\",\"target\":{\"@type\":\"EntryPoint\",\"urlTemplate\":\"https:\\\/\\\/tourcomuna13.com\\\/fr\\\/?s={search_term_string}\"},\"query-input\":{\"@type\":\"PropertyValueSpecification\",\"valueRequired\":true,\"valueName\":\"search_term_string\"}}],\"inLanguage\":\"fr-FR\"},{\"@type\":\"Organization\",\"@id\":\"https:\\\/\\\/tourcomuna13.com\\\/fr\\\/#organization\",\"name\":\"Tour comuna 13\",\"alternateName\":\"Tour comuna 13\",\"url\":\"https:\\\/\\\/tourcomuna13.com\\\/fr\\\/\",\"logo\":{\"@type\":\"ImageObject\",\"inLanguage\":\"fr-FR\",\"@id\":\"https:\\\/\\\/tourcomuna13.com\\\/fr\\\/#\\\/schema\\\/logo\\\/image\\\/\",\"url\":\"https:\\\/\\\/tourcomuna13.com\\\/wp-content\\\/uploads\\\/2020\\\/02\\\/tour-comuna-13-1.png\",\"contentUrl\":\"https:\\\/\\\/tourcomuna13.com\\\/wp-content\\\/uploads\\\/2020\\\/02\\\/tour-comuna-13-1.png\",\"width\":500,\"height\":500,\"caption\":\"Tour comuna 13\"},\"image\":{\"@id\":\"https:\\\/\\\/tourcomuna13.com\\\/fr\\\/#\\\/schema\\\/logo\\\/image\\\/\"},\"sameAs\":[\"https:\\\/\\\/www.facebook.com\\\/tourcomuna13\",\"https:\\\/\\\/www.instagram.com\\\/tourcomuna13\",\"https:\\\/\\\/www.youtube.com\\\/channel\\\/UCRT-D9OdybuPO5KFzrHY_Tg?view_as=subscriber\"]}]}<\/script>\n<!-- \/ Yoast SEO plugin. -->","yoast_head_json":{"title":"Politique de confidentialit\u00e9 - Tour Comuna 13","description":"Visitez tourcomuna13.com pour des visites locales uniques Nous utilisons des cookies pour am\u00e9liorer votre exp\u00e9rience et prot\u00e9ger votre vie priv\u00e9e. Explorez et participez avec nous.","robots":{"index":"index","follow":"follow","max-snippet":"max-snippet:-1","max-image-preview":"max-image-preview:large","max-video-preview":"max-video-preview:-1"},"canonical":"https:\/\/tourcomuna13.com\/fr\/politique-de-confidentialite\/","og_locale":"fr_FR","og_type":"article","og_title":"Politique de confidentialit\u00e9 - Tour Comuna 13","og_description":"Visitez tourcomuna13.com pour des visites locales uniques Nous utilisons des cookies pour am\u00e9liorer votre exp\u00e9rience et prot\u00e9ger votre vie priv\u00e9e. Explorez et participez avec nous.","og_url":"https:\/\/tourcomuna13.com\/fr\/politique-de-confidentialite\/","og_site_name":"Tour Comuna 13","article_publisher":"https:\/\/www.facebook.com\/tourcomuna13","article_modified_time":"2024-04-28T09:47:38+00:00","og_image":[{"width":320,"height":350,"url":"https:\/\/tourcomuna13.com\/wp-content\/uploads\/2021\/05\/paisa-tours-comuna-13.png","type":"image\/png"}],"twitter_card":"summary_large_image","twitter_misc":{"Dur\u00e9e de lecture estim\u00e9e":"4 minutes"},"schema":{"@context":"https:\/\/schema.org","@graph":[{"@type":"WebPage","@id":"https:\/\/tourcomuna13.com\/fr\/politique-de-confidentialite\/","url":"https:\/\/tourcomuna13.com\/fr\/politique-de-confidentialite\/","name":"Politique de confidentialit\u00e9 - Tour Comuna 13","isPartOf":{"@id":"https:\/\/tourcomuna13.com\/fr\/#website"},"datePublished":"2019-10-17T02:23:29+00:00","dateModified":"2024-04-28T09:47:38+00:00","description":"Visitez tourcomuna13.com pour des visites locales uniques Nous utilisons des cookies pour am\u00e9liorer votre exp\u00e9rience et prot\u00e9ger votre vie priv\u00e9e. Explorez et participez avec nous.","breadcrumb":{"@id":"https:\/\/tourcomuna13.com\/fr\/politique-de-confidentialite\/#breadcrumb"},"inLanguage":"fr-FR","potentialAction":[{"@type":"ReadAction","target":["https:\/\/tourcomuna13.com\/fr\/politique-de-confidentialite\/"]}]},{"@type":"BreadcrumbList","@id":"https:\/\/tourcomuna13.com\/fr\/politique-de-confidentialite\/#breadcrumb","itemListElement":[{"@type":"ListItem","position":1,"name":"Tour comuna 13","item":"https:\/\/tourcomuna13.com\/fr\/"},{"@type":"ListItem","position":2,"name":"Politique de confidentialit\u00e9"}]},{"@type":"WebSite","@id":"https:\/\/tourcomuna13.com\/fr\/#website","url":"https:\/\/tourcomuna13.com\/fr\/","name":"Tour Comuna 13","description":"Tours en Medell\u00edn: Graffiti Tour Comuna 13, City Tour, Tour Guatap\u00e9.","publisher":{"@id":"https:\/\/tourcomuna13.com\/fr\/#organization"},"alternateName":"Tour Comuna 13 Medell\u00edn","potentialAction":[{"@type":"SearchAction","target":{"@type":"EntryPoint","urlTemplate":"https:\/\/tourcomuna13.com\/fr\/?s={search_term_string}"},"query-input":{"@type":"PropertyValueSpecification","valueRequired":true,"valueName":"search_term_string"}}],"inLanguage":"fr-FR"},{"@type":"Organization","@id":"https:\/\/tourcomuna13.com\/fr\/#organization","name":"Tour comuna 13","alternateName":"Tour comuna 13","url":"https:\/\/tourcomuna13.com\/fr\/","logo":{"@type":"ImageObject","inLanguage":"fr-FR","@id":"https:\/\/tourcomuna13.com\/fr\/#\/schema\/logo\/image\/","url":"https:\/\/tourcomuna13.com\/wp-content\/uploads\/2020\/02\/tour-comuna-13-1.png","contentUrl":"https:\/\/tourcomuna13.com\/wp-content\/uploads\/2020\/02\/tour-comuna-13-1.png","width":500,"height":500,"caption":"Tour comuna 13"},"image":{"@id":"https:\/\/tourcomuna13.com\/fr\/#\/schema\/logo\/image\/"},"sameAs":["https:\/\/www.facebook.com\/tourcomuna13","https:\/\/www.instagram.com\/tourcomuna13","https:\/\/www.youtube.com\/channel\/UCRT-D9OdybuPO5KFzrHY_Tg?view_as=subscriber"]}]}},"_links":{"self":[{"href":"https:\/\/tourcomuna13.com\/fr\/wp-json\/wp\/v2\/pages\/11282","targetHints":{"allow":["GET"]}}],"collection":[{"href":"https:\/\/tourcomuna13.com\/fr\/wp-json\/wp\/v2\/pages"}],"about":[{"href":"https:\/\/tourcomuna13.com\/fr\/wp-json\/wp\/v2\/types\/page"}],"author":[{"embeddable":true,"href":"https:\/\/tourcomuna13.com\/fr\/wp-json\/wp\/v2\/users\/1"}],"replies":[{"embeddable":true,"href":"https:\/\/tourcomuna13.com\/fr\/wp-json\/wp\/v2\/comments?post=11282"}],"version-history":[{"count":0,"href":"https:\/\/tourcomuna13.com\/fr\/wp-json\/wp\/v2\/pages\/11282\/revisions"}],"wp:attachment":[{"href":"https:\/\/tourcomuna13.com\/fr\/wp-json\/wp\/v2\/media?parent=11282"}],"curies":[{"name":"wp","href":"https:\/\/api.w.org\/{rel}","templated":true}]}}