{"id":11280,"date":"2019-10-16T21:23:29","date_gmt":"2019-10-17T02:23:29","guid":{"rendered":"https:\/\/udz4fcrfad.onrocket.site\/datenschutzbestimmungen\/"},"modified":"2024-04-28T04:47:38","modified_gmt":"2024-04-28T09:47:38","slug":"datenschutzbestimmungen","status":"publish","type":"page","link":"https:\/\/tourcomuna13.com\/de\/datenschutzbestimmungen\/","title":{"rendered":"Datenschutzbestimmungen"},"content":{"rendered":"\t\t<div data-elementor-type=\"wp-page\" data-elementor-id=\"11280\" class=\"elementor elementor-11280 elementor-3\">\n\t\t\t\t\t\t<section class=\"elementor-section elementor-top-section elementor-element elementor-element-592e465f elementor-section-boxed elementor-section-height-default elementor-section-height-default\" data-id=\"592e465f\" data-element_type=\"section\" data-e-type=\"section\">\n\t\t\t\t\t\t<div class=\"elementor-container elementor-column-gap-default\">\n\t\t\t\t\t<div class=\"elementor-column elementor-col-100 elementor-top-column elementor-element elementor-element-56b97840\" data-id=\"56b97840\" data-element_type=\"column\" data-e-type=\"column\">\n\t\t\t<div class=\"elementor-widget-wrap elementor-element-populated\">\n\t\t\t\t\t\t<div class=\"elementor-element elementor-element-19f5f751 elementor-widget elementor-widget-text-editor\" data-id=\"19f5f751\" data-element_type=\"widget\" data-e-type=\"widget\" data-widget_type=\"text-editor.default\">\n\t\t\t\t<div class=\"elementor-widget-container\">\n\t\t\t\t\t\t\t\t\t\n<h1 class=\"wp-block-heading\">Wer wir sind<\/h1>\n\n<p>Unsere Website-Adresse lautet: https:\/\/tourcomuna13.com.<\/p>\n\n<h2 class=\"wp-block-heading\">Welche pers\u00f6nlichen Daten wir sammeln und warum wir sie sammeln<\/h2>\n\n<h3 class=\"wp-block-heading\">Kommentare<\/h3>\n\n<p>Wenn Besucher Kommentare auf der Website hinterlassen, sammeln wir die Daten, die im Kommentarformular angezeigt werden, sowie die IP-Adresse und den User-Agent-String des Browsers des Besuchers, um die Erkennung von Spam zu erleichtern.<\/p>\n\n<p>Eine anonyme Zeichenkette, die aus Ihrer E-Mail-Adresse erstellt wird (auch Hash genannt), kann dem Gravatar-Dienst zur Verf\u00fcgung gestellt werden, um zu sehen, ob Sie ihn verwenden. Die Datenschutzbestimmungen des Gravatar-Dienstes finden Sie hier: https:\/\/automattic.com\/privacy\/. Nach der Genehmigung Ihres Kommentars ist Ihr Profilbild im Zusammenhang mit Ihrem Kommentar \u00f6ffentlich sichtbar.<\/p>\n\n<h3 class=\"wp-block-heading\">Multimedia<\/h3>\n\n<p>Wenn Sie Bilder ins Internet hochladen, sollten Sie es vermeiden, Bilder hochzuladen, die Standortdaten (GPS EXIF) enthalten. Besucher der Website k\u00f6nnen alle Standortdaten von den Bildern auf der Website herunterladen und extrahieren.<\/p>\n\n<h3 class=\"wp-block-heading\">Kontaktformulare<\/h3>\n\n<h3 class=\"wp-block-heading\">Cookies<\/h3>\n\n<p>Wenn Sie einen Kommentar auf unserer Website hinterlassen, k\u00f6nnen Sie festlegen, dass Ihr Name, Ihre E-Mail-Adresse und Ihre Website in Cookies gespeichert werden. Dies dient Ihrer Bequemlichkeit, damit Sie Ihre Daten nicht erneut eingeben m\u00fcssen, wenn Sie einen weiteren Kommentar hinterlassen. Diese Kekse sind ein Jahr lang haltbar.<\/p>\n\n<p>Wenn Sie unsere Anmeldeseite besuchen, setzen wir ein tempor\u00e4res Cookie, um festzustellen, ob Ihr Browser Cookies zul\u00e4sst. Dieses Cookie enth\u00e4lt keine pers\u00f6nlichen Daten und wird verworfen, wenn Sie Ihren Browser schlie\u00dfen.<\/p>\n\n<p>Wenn Sie sich anmelden, setzen wir au\u00dferdem eine Reihe von Cookies, um Ihre Anmeldeinformationen und Bildschirmdarstellungsoptionen zu speichern. Login-Cookies sind zwei Tage lang g\u00fcltig, und Cookies f\u00fcr die Anzeigeoptionen sind ein Jahr lang g\u00fcltig. Wenn Sie &#8222;Erinnern Sie sich&#8220; w\u00e4hlen, bleibt Ihr Login zwei Wochen lang bestehen. Wenn Sie sich von Ihrem Konto abmelden, werden Ihre Anmelde-Cookies gel\u00f6scht.<\/p>\n\n<p>Wenn Sie einen Artikel bearbeiten oder ver\u00f6ffentlichen, wird ein zus\u00e4tzliches Cookie in Ihrem Browser gespeichert. Dieses Cookie enth\u00e4lt keine pers\u00f6nlichen Daten und zeigt lediglich die ID des Artikels an, den Sie gerade bearbeitet haben. L\u00e4uft nach 1 Tag ab.<\/p>\n\n<h3 class=\"wp-block-heading\">Eingebettete Inhalte von anderen Websites<\/h3>\n\n<p>Die Artikel auf dieser Website k\u00f6nnen eingebettete Inhalte enthalten (z.B. Videos, Bilder, Artikel usw.). Eingebettete Inhalte von anderen Websites verhalten sich genau so, als ob der Besucher die andere Website besucht h\u00e4tte.<\/p>\n\n<p>Diese Websites k\u00f6nnen Daten \u00fcber Sie sammeln, Cookies verwenden, zus\u00e4tzliche Verfolgungen von Dritten einbetten und Ihre Interaktion mit diesen eingebetteten Inhalten \u00fcberwachen, einschlie\u00dflich der Verfolgung Ihrer Interaktion mit den eingebetteten Inhalten, wenn Sie ein Konto haben und bei dieser Website angemeldet sind.<\/p>\n\n<h3 class=\"wp-block-heading\">Analytik<\/h3>\n\n<h2 class=\"wp-block-heading\">Mit wem wir Ihre Daten teilen<\/h2>\n\n<h2 class=\"wp-block-heading\">Wie lange wir Ihre Daten aufbewahren<\/h2>\n\n<p>Wenn Sie einen Kommentar hinterlassen, werden der Kommentar und seine Metadaten auf unbestimmte Zeit gespeichert. So k\u00f6nnen wir aufeinanderfolgende Kommentare automatisch erkennen und genehmigen, anstatt sie in einer Moderationswarteschlange zu halten.<\/p>\n\n<p>Von Benutzern, die sich auf unserer Website registrieren (falls vorhanden), speichern wir auch die pers\u00f6nlichen Daten, die sie in ihrem Benutzerprofil angeben. Alle Benutzer k\u00f6nnen ihre pers\u00f6nlichen Daten jederzeit einsehen, bearbeiten oder l\u00f6schen (mit der Ausnahme, dass sie ihren Benutzernamen nicht \u00e4ndern k\u00f6nnen). Auch Website-Administratoren k\u00f6nnen diese Informationen einsehen und bearbeiten.<\/p>\n\n<h2 class=\"wp-block-heading\">Welche Rechte Sie \u00fcber Ihre Daten haben<\/h2>\n\n<p>Wenn Sie ein Konto haben oder Kommentare auf dieser Website hinterlassen haben, k\u00f6nnen Sie eine Exportdatei der pers\u00f6nlichen Daten anfordern, die wir \u00fcber Sie gespeichert haben, einschlie\u00dflich aller Daten, die Sie uns zur Verf\u00fcgung gestellt haben. Sie k\u00f6nnen auch verlangen, dass wir alle pers\u00f6nlichen Daten, die wir \u00fcber Sie gespeichert haben, l\u00f6schen. Dies gilt nicht f\u00fcr Daten, die wir aus administrativen, rechtlichen oder Sicherheitsgr\u00fcnden aufbewahren m\u00fcssen.<\/p>\n\n<h2 class=\"wp-block-heading\">Wohin wir Ihre Daten senden<\/h2>\n\n<p>Besucherkommentare k\u00f6nnen von einem automatischen Spam-Erkennungsdienst \u00fcberpr\u00fcft werden.<\/p>\n\n<h2 class=\"wp-block-heading\">Ihre Kontaktinformationen<\/h2>\n\n<h2 class=\"wp-block-heading\">Zus\u00e4tzliche Informationen<\/h2>\n\n<h3 class=\"wp-block-heading\">Wie wir Ihre Daten sch\u00fctzen<\/h3>\n\n<h3 class=\"wp-block-heading\">Welche Verfahren wenden wir bei Datenschutzverletzungen an?<\/h3>\n\n<h3 class=\"wp-block-heading\">Von welchen Drittparteien wir Daten erhalten<\/h3>\n\n<h3 class=\"wp-block-heading\">Welche Art von automatisierter Entscheidungsfindung und\/oder Profiling wir mit den Daten des Nutzers durchf\u00fchren<\/h3>\n\n<h3 class=\"wp-block-heading\">Offenlegungspflichten des Regulierungssektors<\/h3>\n\n<p><a href=\"https:\/\/tourcomuna13.com\/de\/\" target=\"_blank\" rel=\"noreferrer noopener\">Chrom<\/a><\/p>\n\t\t\t\t\t\t\t\t<\/div>\n\t\t\t\t<\/div>\n\t\t\t\t\t<\/div>\n\t\t<\/div>\n\t\t\t\t\t<\/div>\n\t\t<\/section>\n\t\t\t\t<\/div>\n\t\t","protected":false},"excerpt":{"rendered":"<p>Wer wir sind Unsere Website-Adresse lautet: https:\/\/tourcomuna13.com. Welche pers\u00f6nlichen Daten wir sammeln und warum wir sie sammeln Kommentare Wenn Besucher Kommentare auf der Website hinterlassen, sammeln wir die Daten, die im Kommentarformular angezeigt werden, sowie die IP-Adresse und den User-Agent-String des Browsers des Besuchers, um die Erkennung von Spam zu erleichtern. Eine anonyme Zeichenkette, die&#8230;<\/p>\n","protected":false},"author":1,"featured_media":0,"parent":0,"menu_order":0,"comment_status":"closed","ping_status":"open","template":"","meta":{"_kad_post_transparent":"","_kad_post_title":"","_kad_post_layout":"","_kad_post_sidebar_id":"","_kad_post_content_style":"","_kad_post_vertical_padding":"","_kad_post_feature":"","_kad_post_feature_position":"","_kad_post_header":false,"_kad_post_footer":false,"_kad_post_classname":"","footnotes":""},"class_list":["post-11280","page","type-page","status-publish","hentry"],"yoast_head":"<!-- This site is optimized with the Yoast SEO plugin v27.4 - https:\/\/yoast.com\/product\/yoast-seo-wordpress\/ -->\n<title>Datenschutzbestimmungen - Tour Comuna 13<\/title>\n<meta name=\"description\" content=\"Besuchen Sie tourcomuna13.com f\u00fcr einzigartige lokale Touren Wir verwenden Cookies, um Ihre Erfahrung zu verbessern und Ihre Privatsph\u00e4re zu sch\u00fctzen. Entdecken und beteiligen Sie sich mit uns.\" \/>\n<meta name=\"robots\" content=\"index, follow, max-snippet:-1, max-image-preview:large, max-video-preview:-1\" \/>\n<link rel=\"canonical\" href=\"https:\/\/tourcomuna13.com\/de\/datenschutzbestimmungen\/\" \/>\n<meta property=\"og:locale\" content=\"de_DE\" \/>\n<meta property=\"og:type\" content=\"article\" \/>\n<meta property=\"og:title\" content=\"Datenschutzbestimmungen - Tour Comuna 13\" \/>\n<meta property=\"og:description\" content=\"Besuchen Sie tourcomuna13.com f\u00fcr einzigartige lokale Touren Wir verwenden Cookies, um Ihre Erfahrung zu verbessern und Ihre Privatsph\u00e4re zu sch\u00fctzen. Entdecken und beteiligen Sie sich mit uns.\" \/>\n<meta property=\"og:url\" content=\"https:\/\/tourcomuna13.com\/de\/datenschutzbestimmungen\/\" \/>\n<meta property=\"og:site_name\" content=\"Tour Comuna 13\" \/>\n<meta property=\"article:publisher\" content=\"https:\/\/www.facebook.com\/tourcomuna13\" \/>\n<meta property=\"article:modified_time\" content=\"2024-04-28T09:47:38+00:00\" \/>\n<meta property=\"og:image\" content=\"https:\/\/tourcomuna13.com\/wp-content\/uploads\/2021\/05\/paisa-tours-comuna-13.png\" \/>\n\t<meta property=\"og:image:width\" content=\"320\" \/>\n\t<meta property=\"og:image:height\" content=\"350\" \/>\n\t<meta property=\"og:image:type\" content=\"image\/png\" \/>\n<meta name=\"twitter:card\" content=\"summary_large_image\" \/>\n<meta name=\"twitter:label1\" content=\"Gesch\u00e4tzte Lesezeit\" \/>\n\t<meta name=\"twitter:data1\" content=\"3\u00a0Minuten\" \/>\n<script type=\"application\/ld+json\" class=\"yoast-schema-graph\">{\"@context\":\"https:\\\/\\\/schema.org\",\"@graph\":[{\"@type\":\"WebPage\",\"@id\":\"https:\\\/\\\/tourcomuna13.com\\\/de\\\/datenschutzbestimmungen\\\/\",\"url\":\"https:\\\/\\\/tourcomuna13.com\\\/de\\\/datenschutzbestimmungen\\\/\",\"name\":\"Datenschutzbestimmungen - Tour Comuna 13\",\"isPartOf\":{\"@id\":\"https:\\\/\\\/tourcomuna13.com\\\/de\\\/#website\"},\"datePublished\":\"2019-10-17T02:23:29+00:00\",\"dateModified\":\"2024-04-28T09:47:38+00:00\",\"description\":\"Besuchen Sie tourcomuna13.com f\u00fcr einzigartige lokale Touren Wir verwenden Cookies, um Ihre Erfahrung zu verbessern und Ihre Privatsph\u00e4re zu sch\u00fctzen. Entdecken und beteiligen Sie sich mit uns.\",\"breadcrumb\":{\"@id\":\"https:\\\/\\\/tourcomuna13.com\\\/de\\\/datenschutzbestimmungen\\\/#breadcrumb\"},\"inLanguage\":\"de\",\"potentialAction\":[{\"@type\":\"ReadAction\",\"target\":[\"https:\\\/\\\/tourcomuna13.com\\\/de\\\/datenschutzbestimmungen\\\/\"]}]},{\"@type\":\"BreadcrumbList\",\"@id\":\"https:\\\/\\\/tourcomuna13.com\\\/de\\\/datenschutzbestimmungen\\\/#breadcrumb\",\"itemListElement\":[{\"@type\":\"ListItem\",\"position\":1,\"name\":\"Tour comuna 13\",\"item\":\"https:\\\/\\\/tourcomuna13.com\\\/de\\\/\"},{\"@type\":\"ListItem\",\"position\":2,\"name\":\"Datenschutzbestimmungen\"}]},{\"@type\":\"WebSite\",\"@id\":\"https:\\\/\\\/tourcomuna13.com\\\/de\\\/#website\",\"url\":\"https:\\\/\\\/tourcomuna13.com\\\/de\\\/\",\"name\":\"Tour Comuna 13\",\"description\":\"Tours en Medell\u00edn: Graffiti Tour Comuna 13, City Tour, Tour Guatap\u00e9.\",\"publisher\":{\"@id\":\"https:\\\/\\\/tourcomuna13.com\\\/de\\\/#organization\"},\"alternateName\":\"Tour Comuna 13 Medell\u00edn\",\"potentialAction\":[{\"@type\":\"SearchAction\",\"target\":{\"@type\":\"EntryPoint\",\"urlTemplate\":\"https:\\\/\\\/tourcomuna13.com\\\/de\\\/?s={search_term_string}\"},\"query-input\":{\"@type\":\"PropertyValueSpecification\",\"valueRequired\":true,\"valueName\":\"search_term_string\"}}],\"inLanguage\":\"de\"},{\"@type\":\"Organization\",\"@id\":\"https:\\\/\\\/tourcomuna13.com\\\/de\\\/#organization\",\"name\":\"Tour comuna 13\",\"alternateName\":\"Tour comuna 13\",\"url\":\"https:\\\/\\\/tourcomuna13.com\\\/de\\\/\",\"logo\":{\"@type\":\"ImageObject\",\"inLanguage\":\"de\",\"@id\":\"https:\\\/\\\/tourcomuna13.com\\\/de\\\/#\\\/schema\\\/logo\\\/image\\\/\",\"url\":\"https:\\\/\\\/tourcomuna13.com\\\/wp-content\\\/uploads\\\/2020\\\/02\\\/tour-comuna-13-1.png\",\"contentUrl\":\"https:\\\/\\\/tourcomuna13.com\\\/wp-content\\\/uploads\\\/2020\\\/02\\\/tour-comuna-13-1.png\",\"width\":500,\"height\":500,\"caption\":\"Tour comuna 13\"},\"image\":{\"@id\":\"https:\\\/\\\/tourcomuna13.com\\\/de\\\/#\\\/schema\\\/logo\\\/image\\\/\"},\"sameAs\":[\"https:\\\/\\\/www.facebook.com\\\/tourcomuna13\",\"https:\\\/\\\/www.instagram.com\\\/tourcomuna13\",\"https:\\\/\\\/www.youtube.com\\\/channel\\\/UCRT-D9OdybuPO5KFzrHY_Tg?view_as=subscriber\"]}]}<\/script>\n<!-- \/ Yoast SEO plugin. -->","yoast_head_json":{"title":"Datenschutzbestimmungen - Tour Comuna 13","description":"Besuchen Sie tourcomuna13.com f\u00fcr einzigartige lokale Touren Wir verwenden Cookies, um Ihre Erfahrung zu verbessern und Ihre Privatsph\u00e4re zu sch\u00fctzen. Entdecken und beteiligen Sie sich mit uns.","robots":{"index":"index","follow":"follow","max-snippet":"max-snippet:-1","max-image-preview":"max-image-preview:large","max-video-preview":"max-video-preview:-1"},"canonical":"https:\/\/tourcomuna13.com\/de\/datenschutzbestimmungen\/","og_locale":"de_DE","og_type":"article","og_title":"Datenschutzbestimmungen - Tour Comuna 13","og_description":"Besuchen Sie tourcomuna13.com f\u00fcr einzigartige lokale Touren Wir verwenden Cookies, um Ihre Erfahrung zu verbessern und Ihre Privatsph\u00e4re zu sch\u00fctzen. Entdecken und beteiligen Sie sich mit uns.","og_url":"https:\/\/tourcomuna13.com\/de\/datenschutzbestimmungen\/","og_site_name":"Tour Comuna 13","article_publisher":"https:\/\/www.facebook.com\/tourcomuna13","article_modified_time":"2024-04-28T09:47:38+00:00","og_image":[{"width":320,"height":350,"url":"https:\/\/tourcomuna13.com\/wp-content\/uploads\/2021\/05\/paisa-tours-comuna-13.png","type":"image\/png"}],"twitter_card":"summary_large_image","twitter_misc":{"Gesch\u00e4tzte Lesezeit":"3\u00a0Minuten"},"schema":{"@context":"https:\/\/schema.org","@graph":[{"@type":"WebPage","@id":"https:\/\/tourcomuna13.com\/de\/datenschutzbestimmungen\/","url":"https:\/\/tourcomuna13.com\/de\/datenschutzbestimmungen\/","name":"Datenschutzbestimmungen - Tour Comuna 13","isPartOf":{"@id":"https:\/\/tourcomuna13.com\/de\/#website"},"datePublished":"2019-10-17T02:23:29+00:00","dateModified":"2024-04-28T09:47:38+00:00","description":"Besuchen Sie tourcomuna13.com f\u00fcr einzigartige lokale Touren Wir verwenden Cookies, um Ihre Erfahrung zu verbessern und Ihre Privatsph\u00e4re zu sch\u00fctzen. Entdecken und beteiligen Sie sich mit uns.","breadcrumb":{"@id":"https:\/\/tourcomuna13.com\/de\/datenschutzbestimmungen\/#breadcrumb"},"inLanguage":"de","potentialAction":[{"@type":"ReadAction","target":["https:\/\/tourcomuna13.com\/de\/datenschutzbestimmungen\/"]}]},{"@type":"BreadcrumbList","@id":"https:\/\/tourcomuna13.com\/de\/datenschutzbestimmungen\/#breadcrumb","itemListElement":[{"@type":"ListItem","position":1,"name":"Tour comuna 13","item":"https:\/\/tourcomuna13.com\/de\/"},{"@type":"ListItem","position":2,"name":"Datenschutzbestimmungen"}]},{"@type":"WebSite","@id":"https:\/\/tourcomuna13.com\/de\/#website","url":"https:\/\/tourcomuna13.com\/de\/","name":"Tour Comuna 13","description":"Tours en Medell\u00edn: Graffiti Tour Comuna 13, City Tour, Tour Guatap\u00e9.","publisher":{"@id":"https:\/\/tourcomuna13.com\/de\/#organization"},"alternateName":"Tour Comuna 13 Medell\u00edn","potentialAction":[{"@type":"SearchAction","target":{"@type":"EntryPoint","urlTemplate":"https:\/\/tourcomuna13.com\/de\/?s={search_term_string}"},"query-input":{"@type":"PropertyValueSpecification","valueRequired":true,"valueName":"search_term_string"}}],"inLanguage":"de"},{"@type":"Organization","@id":"https:\/\/tourcomuna13.com\/de\/#organization","name":"Tour comuna 13","alternateName":"Tour comuna 13","url":"https:\/\/tourcomuna13.com\/de\/","logo":{"@type":"ImageObject","inLanguage":"de","@id":"https:\/\/tourcomuna13.com\/de\/#\/schema\/logo\/image\/","url":"https:\/\/tourcomuna13.com\/wp-content\/uploads\/2020\/02\/tour-comuna-13-1.png","contentUrl":"https:\/\/tourcomuna13.com\/wp-content\/uploads\/2020\/02\/tour-comuna-13-1.png","width":500,"height":500,"caption":"Tour comuna 13"},"image":{"@id":"https:\/\/tourcomuna13.com\/de\/#\/schema\/logo\/image\/"},"sameAs":["https:\/\/www.facebook.com\/tourcomuna13","https:\/\/www.instagram.com\/tourcomuna13","https:\/\/www.youtube.com\/channel\/UCRT-D9OdybuPO5KFzrHY_Tg?view_as=subscriber"]}]}},"_links":{"self":[{"href":"https:\/\/tourcomuna13.com\/de\/wp-json\/wp\/v2\/pages\/11280","targetHints":{"allow":["GET"]}}],"collection":[{"href":"https:\/\/tourcomuna13.com\/de\/wp-json\/wp\/v2\/pages"}],"about":[{"href":"https:\/\/tourcomuna13.com\/de\/wp-json\/wp\/v2\/types\/page"}],"author":[{"embeddable":true,"href":"https:\/\/tourcomuna13.com\/de\/wp-json\/wp\/v2\/users\/1"}],"replies":[{"embeddable":true,"href":"https:\/\/tourcomuna13.com\/de\/wp-json\/wp\/v2\/comments?post=11280"}],"version-history":[{"count":0,"href":"https:\/\/tourcomuna13.com\/de\/wp-json\/wp\/v2\/pages\/11280\/revisions"}],"wp:attachment":[{"href":"https:\/\/tourcomuna13.com\/de\/wp-json\/wp\/v2\/media?parent=11280"}],"curies":[{"name":"wp","href":"https:\/\/api.w.org\/{rel}","templated":true}]}}